{"id":9,"date":"2018-02-22T19:42:41","date_gmt":"2018-02-22T18:42:41","guid":{"rendered":"https:\/\/www.igs-nienburg-e.eu\/Zeitung\/?page_id=9"},"modified":"2018-09-07T17:44:39","modified_gmt":"2018-09-07T15:44:39","slug":"und-noch-eine-seite","status":"publish","type":"page","link":"https:\/\/www.igs-nienburg-e.eu\/blaetterwald\/und-noch-eine-seite\/","title":{"rendered":"Impressum"},"content":{"rendered":"<p><strong>Herausgeber:<\/strong><br \/>\nDie Sch\u00fclerzeitung \u201eBl\u00e4tterwald\u201c ist eine Publikation der<\/p>\n<p>Integrierten Gesamtschule Nienburg (Weser)<\/p>\n<p>Berliner Ring 47<br \/>\n31582 Nienburg (Weser)<br \/>\nTelefon: 05021\/886610<br \/>\nInternet: www.igsnienburg.de<br \/>\nE-Mail: info@igs-nienburg.eu<\/p>\n<p><strong>Verantwortlicher im Sinne des Pressegesetzes (V.i.S.d.P.) und Verantwortlicher gem\u00e4\u00df \u00a75 TMG und \u00a7 55 RStV:<\/strong><br \/>\nMathias Granz, Schulleiter<\/p>\n<p><strong>Redaktion:<\/strong><br \/>\nMarco Wagner<br \/>\nTelefon: 05021\/886610<br \/>\nInternet: https:\/\/www.igs-nienburg-e.eu\/blaetterwald\/<br \/>\nE-Mail: blaetterwald@igs-nienburg.de<\/p>\n<p><strong>Bildnachweis:<\/strong><br \/>\nDie Bildnachweise finden sich unterhalb der Beitr\u00e4ge.<\/p>\n<p>&nbsp;<\/p>\n<p><em>1. Geltungsbereich<\/em><\/p>\n<p>Dieses Impressum gilt f\u00fcr die zentralen Informationsangebote der Sch\u00fclerzeitung \u201eBl\u00e4tterwald\u201c im Internet, die durch dieses Impressum gekennzeichnet und \u00fcber die URL https:\/\/www.igs-nienburg-e.eu\/blaetterwald\/ erreichbar ist.<\/p>\n<p><em>2. Inhalt des Onlineangebotes<\/em><\/p>\n<p>Die Integrierte Gesamtschule Nienburg \u00fcbernimmt keinerlei Gew\u00e4hr f\u00fcr die Aktualit\u00e4t, Korrektheit, Vollst\u00e4ndigkeit oder Qualit\u00e4t der bereitgestellten Informationen. Haftungsanspr\u00fcche gegen die Integrierte Gesamtschule Nienburg, die sich auf Sch\u00e4den materieller oder ideeller Art beziehen, die durch die Nutzung oder Nichtnutzung der dargebotenen Informationen bzw. durch die Nutzung fehlerhafter und unvollst\u00e4ndiger Informationen verursacht wurden, sind grunds\u00e4tzlich ausgeschlossen, sofern seitens der Herausgeber kein nachweislich vors\u00e4tzliches oder grob fahrl\u00e4ssiges Verschulden vorliegt.<\/p>\n<p>Alle Angebote sind freibleibend und unverbindlich.<br \/>\nHinweise und Korrekturen inhaltlicher Art senden Sie bitte an<br \/>\nblaetterwald@igs-nienburg.eu<br \/>\nHinweise und Korrekturen technischer Art senden Sie bitte an<br \/>\ntemplin@igs-nienburg.eu<\/p>\n<p><em>3. Verweise und Links<\/em><\/p>\n<p>Bei direkten oder indirekten Verweisen auf fremde Webseiten (\u201eHyperlinks\u201c), die au\u00dferhalb des Verantwortungsbereiches der Integrierten Gesamtschule Nienburg liegen, w\u00fcrde eine Haftungsverpflichtung ausschlie\u00dflich in dem Fall in Kraft treten, in dem der*die Autor*in von den Inhalten Kenntnis hat und es ihm*ihr technisch m\u00f6glich und zumutbar w\u00e4re, die Nutzung im Falle rechtswidriger Inhalte zu verhindern.<\/p>\n<p>Der Herausgeber erkl\u00e4rt hiermit ausdr\u00fccklich, dass zum Zeitpunkt der Linksetzung keine illegalen Inhalte auf den zu verlinkenden Seiten erkennbar waren. Auf die aktuelle und zuk\u00fcnftige Gestaltung, die Inhalte oder die Urheberschaft der verlinkten\/verkn\u00fcpften Seiten hat die Integrierte Gesamtschule Nienburg keinerlei Einfluss. Deshalb distanziert sie sich hiermit ausdr\u00fccklich von allen Inhalten aller verlinkten\/verkn\u00fcpften Seiten, die nach der Linksetzung ver\u00e4ndert wurden. Diese Feststellung gilt f\u00fcr alle innerhalb des eigenen Internetangebotes gesetzten Links und. F\u00fcr illegale, fehlerhafte oder unvollst\u00e4ndige Inhalte und insbesondere f\u00fcr Sch\u00e4den, die aus der Nutzung oder Nichtnutzung solcherart dargebotener Informationen entstehen, haftet allein der Anbieter der Seite, auf welche verwiesen wurde, nicht derjenige, der \u00fcber Links auf die jeweilige Ver\u00f6ffentlichung lediglich verweist.<\/p>\n<p><em>4. Urheber- und Kennzeichenrecht<\/em><\/p>\n<p>Der Herausgeber ist bestrebt, in allen Publikationen die Urheberrechte der verwendeten Grafiken, Fotos, Tondokumente, Videosequenzen und Texte zu beachten, von ihm selbst erstellte Grafiken, Fotos, Tondokumente, Videosequenzen und Texte zu nutzen oder auf lizenzfreie Grafiken, Fotos, Tondokumente, Videosequenzen und Texte zur\u00fcckzugreifen.<br \/>\nAlle innerhalb unseres mit diesem Impressum gekennzeichneten Internetangebotes genannten und ggf. durch Dritte gesch\u00fctzten Marken- und Warenzeichen unterliegen uneingeschr\u00e4nkt den Bestimmungen des jeweils g\u00fcltigen Kennzeichenrechts und den Besitzrechten der jeweiligen eingetragenen Eigent\u00fcmer. Allein aufgrund der blo\u00dfen Nennung ist nicht der Schluss zu ziehen, dass Markenzeichen nicht durch Rechte Dritter gesch\u00fctzt sind!<br \/>\nDas Copyright f\u00fcr Text und Bilder liegt bei den Autorinnen und Autoren der Sch\u00fclerzeitung \u201eBl\u00e4tterwald\u201c. Eine Vervielf\u00e4ltigung oder Verwendung der auf diesen Seiten verwendeten Grafiken, Fotos, Tondokumente, Videosequenzen und Texte in anderen elektronischen oder gedruckten Publikationen ist ohne ausdr\u00fcckliche Zustimmung der jeweiligen Autoren nicht gestattet.<br \/>\nUnber\u00fchrt davon bleibt das \u201eKopieren\u201c der Dateien auf den eigenen Rechner, um sich die WWW-Seiten auf einem Browser anzuschauen. Ausgenommen sind ebenfalls die Pressemitteilungen der Integrierten Gesamtschule Nienburg (Weser). Sie sind dem Inhalt nach von jedermann frei und ohne besondere Genehmigung weiterverwendbar. Meldungen \u00fcber missbr\u00e4uchliche Nutzungen, die von Stationen aus dem IP-Namensbereich (Webadresse von Bl\u00e4tterwald) ausgehen, senden Sie bitte an den Webmaster.<\/p>\n<p><em>5. Rechtswirksamkeit dieses Haftungsausschlusses<\/em><\/p>\n<p>Dieser Haftungsausschluss ist als Teil des Internetangebotes zu betrachten. Sofern Teile oder einzelne Formulierungen dieses Textes der geltenden Rechtslage nicht, nicht mehr oder nicht vollst\u00e4ndig entsprechen sollten, bleiben die \u00fcbrigen Teile des Dokumentes in ihrem Inhalt und ihrer G\u00fcltigkeit davon unber\u00fchrt<\/p>\n<p>&nbsp;<\/p>\n<p><strong>Bl\u00e4tterwald<\/strong><br \/>\nc\/o Marco Wagner<br \/>\nIntegrierte Gesamtschule Nienburg (Weser)<br \/>\nBerliner Ring 47<br \/>\n31582 Nienburg<\/p>\n<p>Telefon 05021\/886610<br \/>\nTelefax 05021\/8866110<\/p>\n","protected":false},"excerpt":{"rendered":"<div class=\"mh-excerpt\"><p>Herausgeber: Die Sch\u00fclerzeitung \u201eBl\u00e4tterwald\u201c ist eine Publikation der Integrierten Gesamtschule Nienburg (Weser) Berliner Ring 47 31582 Nienburg (Weser) Telefon: 05021\/886610 Internet: www.igsnienburg.de E-Mail: info@igs-nienburg.eu Verantwortlicher <a class=\"mh-excerpt-more\" href=\"https:\/\/www.igs-nienburg-e.eu\/blaetterwald\/und-noch-eine-seite\/\" title=\"Impressum\">[&#8230;]<\/a><\/p>\n<\/div>","protected":false},"author":2,"featured_media":0,"parent":0,"menu_order":2,"comment_status":"closed","ping_status":"closed","template":"","meta":{"footnotes":""},"class_list":["post-9","page","type-page","status-publish","hentry"],"_links":{"self":[{"href":"https:\/\/www.igs-nienburg-e.eu\/blaetterwald\/wp-json\/wp\/v2\/pages\/9","targetHints":{"allow":["GET"]}}],"collection":[{"href":"https:\/\/www.igs-nienburg-e.eu\/blaetterwald\/wp-json\/wp\/v2\/pages"}],"about":[{"href":"https:\/\/www.igs-nienburg-e.eu\/blaetterwald\/wp-json\/wp\/v2\/types\/page"}],"author":[{"embeddable":true,"href":"https:\/\/www.igs-nienburg-e.eu\/blaetterwald\/wp-json\/wp\/v2\/users\/2"}],"replies":[{"embeddable":true,"href":"https:\/\/www.igs-nienburg-e.eu\/blaetterwald\/wp-json\/wp\/v2\/comments?post=9"}],"version-history":[{"count":13,"href":"https:\/\/www.igs-nienburg-e.eu\/blaetterwald\/wp-json\/wp\/v2\/pages\/9\/revisions"}],"predecessor-version":[{"id":321,"href":"https:\/\/www.igs-nienburg-e.eu\/blaetterwald\/wp-json\/wp\/v2\/pages\/9\/revisions\/321"}],"wp:attachment":[{"href":"https:\/\/www.igs-nienburg-e.eu\/blaetterwald\/wp-json\/wp\/v2\/media?parent=9"}],"curies":[{"name":"wp","href":"https:\/\/api.w.org\/{rel}","templated":true}]}}